{"id":173,"date":"2020-03-27T11:12:59","date_gmt":"2020-03-27T10:12:59","guid":{"rendered":"http:\/\/pierluximport.com\/?page_id=173"},"modified":"2021-04-15T09:34:37","modified_gmt":"2021-04-15T07:34:37","slug":"mentions-legales","status":"publish","type":"page","link":"https:\/\/pierluximport.com\/index.php\/mentions-legales\/","title":{"rendered":"Mentions l\u00e9gales"},"content":{"rendered":"\n<h1>\n\t\tMentions l\u00e9gales\n\t<\/h1>\n\t<p>Ce site est \u00e9dit\u00e9 par Pierluximport, soci\u00e9t\u00e9 \u00e0 responsabilit\u00e9 limit\u00e9e (<em>SARL<\/em>) au capital social de 49 600 \u20ac immatricul\u00e9e au registre du commerce et des soci\u00e9t\u00e9s\u00a0 sous le num\u00e9ro B 107183, ayant son si\u00e8ge social :<\/p>\n8 Rue d&#8217;Ellange &#8211; L-5692 &#8211; Elvange<br \/>\nt\u00e9l. : +352 26 57 54<br \/>\nN\u00b0 intra LU : 206 069 34\n<p>&nbsp;<\/p>\n\nOnline SAS &#8211; BP 438<br \/>\n75366 Paris CEDEX 08<br \/>\nRCS Paris B 433 115 904\n\n","protected":false},"excerpt":{"rendered":"<p>Mentions l\u00e9gales Ce site est \u00e9dit\u00e9 par Pierluximport, soci\u00e9t\u00e9 \u00e0 responsabilit\u00e9 limit\u00e9e (SARL) au capital social de 49 600 \u20ac immatricul\u00e9e au registre du commerce et des soci\u00e9t\u00e9s\u00a0 sous le num\u00e9ro B 107183, ayant son si\u00e8ge social : 8 Rue d&#8217;Ellange &#8211; L-5692 &#8211; Elvange t\u00e9l. : +352 26 57 54 N\u00b0 intra LU :&hellip;<\/p>\n","protected":false},"author":3,"featured_media":0,"parent":0,"menu_order":0,"comment_status":"closed","ping_status":"closed","template":"","meta":{"footnotes":""},"class_list":["post-173","page","type-page","status-publish","hentry"],"yoast_head":"<!-- This site is optimized with the Yoast SEO plugin v27.5 - https:\/\/yoast.com\/product\/yoast-seo-wordpress\/ -->\n<title>Mentions l\u00e9gales - Pierluximport<\/title>\n<meta name=\"robots\" content=\"index, follow, max-snippet:-1, max-image-preview:large, max-video-preview:-1\" \/>\n<link rel=\"canonical\" href=\"https:\/\/pierluximport.com\/index.php\/mentions-legales\/\" \/>\n<meta property=\"og:locale\" content=\"en_US\" \/>\n<meta property=\"og:type\" content=\"article\" \/>\n<meta property=\"og:title\" content=\"Mentions l\u00e9gales - Pierluximport\" \/>\n<meta property=\"og:description\" content=\"Mentions l\u00e9gales Ce site est \u00e9dit\u00e9 par Pierluximport, soci\u00e9t\u00e9 \u00e0 responsabilit\u00e9 limit\u00e9e (SARL) au capital social de 49 600 \u20ac immatricul\u00e9e au registre du commerce et des soci\u00e9t\u00e9s\u00a0 sous le num\u00e9ro B 107183, ayant son si\u00e8ge social : 8 Rue d&#8217;Ellange &#8211; L-5692 &#8211; Elvange t\u00e9l. : +352 26 57 54 N\u00b0 intra LU :&hellip;\" \/>\n<meta property=\"og:url\" content=\"https:\/\/pierluximport.com\/index.php\/mentions-legales\/\" \/>\n<meta property=\"og:site_name\" content=\"Pierluximport\" \/>\n<meta property=\"article:modified_time\" content=\"2021-04-15T07:34:37+00:00\" \/>\n<meta name=\"twitter:card\" content=\"summary_large_image\" \/>\n<script type=\"application\/ld+json\" class=\"yoast-schema-graph\">{\"@context\":\"https:\\\/\\\/schema.org\",\"@graph\":[{\"@type\":\"WebPage\",\"@id\":\"https:\\\/\\\/pierluximport.com\\\/index.php\\\/mentions-legales\\\/\",\"url\":\"https:\\\/\\\/pierluximport.com\\\/index.php\\\/mentions-legales\\\/\",\"name\":\"Mentions l\u00e9gales - Pierluximport\",\"isPartOf\":{\"@id\":\"https:\\\/\\\/pierluximport.com\\\/#website\"},\"datePublished\":\"2020-03-27T10:12:59+00:00\",\"dateModified\":\"2021-04-15T07:34:37+00:00\",\"breadcrumb\":{\"@id\":\"https:\\\/\\\/pierluximport.com\\\/index.php\\\/mentions-legales\\\/#breadcrumb\"},\"inLanguage\":\"en-US\",\"potentialAction\":[{\"@type\":\"ReadAction\",\"target\":[\"https:\\\/\\\/pierluximport.com\\\/index.php\\\/mentions-legales\\\/\"]}]},{\"@type\":\"BreadcrumbList\",\"@id\":\"https:\\\/\\\/pierluximport.com\\\/index.php\\\/mentions-legales\\\/#breadcrumb\",\"itemListElement\":[{\"@type\":\"ListItem\",\"position\":1,\"name\":\"Accueil\",\"item\":\"https:\\\/\\\/pierluximport.com\\\/\"},{\"@type\":\"ListItem\",\"position\":2,\"name\":\"Mentions l\u00e9gales\"}]},{\"@type\":\"WebSite\",\"@id\":\"https:\\\/\\\/pierluximport.com\\\/#website\",\"url\":\"https:\\\/\\\/pierluximport.com\\\/\",\"name\":\"Pierluximport\",\"description\":\"Fournisseur portes, parquet, inox, dressing  et garage\",\"potentialAction\":[{\"@type\":\"SearchAction\",\"target\":{\"@type\":\"EntryPoint\",\"urlTemplate\":\"https:\\\/\\\/pierluximport.com\\\/?s={search_term_string}\"},\"query-input\":{\"@type\":\"PropertyValueSpecification\",\"valueRequired\":true,\"valueName\":\"search_term_string\"}}],\"inLanguage\":\"en-US\"}]}<\/script>\n<!-- \/ Yoast SEO plugin. -->","yoast_head_json":{"title":"Mentions l\u00e9gales - Pierluximport","robots":{"index":"index","follow":"follow","max-snippet":"max-snippet:-1","max-image-preview":"max-image-preview:large","max-video-preview":"max-video-preview:-1"},"canonical":"https:\/\/pierluximport.com\/index.php\/mentions-legales\/","og_locale":"en_US","og_type":"article","og_title":"Mentions l\u00e9gales - Pierluximport","og_description":"Mentions l\u00e9gales Ce site est \u00e9dit\u00e9 par Pierluximport, soci\u00e9t\u00e9 \u00e0 responsabilit\u00e9 limit\u00e9e (SARL) au capital social de 49 600 \u20ac immatricul\u00e9e au registre du commerce et des soci\u00e9t\u00e9s\u00a0 sous le num\u00e9ro B 107183, ayant son si\u00e8ge social : 8 Rue d&#8217;Ellange &#8211; L-5692 &#8211; Elvange t\u00e9l. : +352 26 57 54 N\u00b0 intra LU :&hellip;","og_url":"https:\/\/pierluximport.com\/index.php\/mentions-legales\/","og_site_name":"Pierluximport","article_modified_time":"2021-04-15T07:34:37+00:00","twitter_card":"summary_large_image","schema":{"@context":"https:\/\/schema.org","@graph":[{"@type":"WebPage","@id":"https:\/\/pierluximport.com\/index.php\/mentions-legales\/","url":"https:\/\/pierluximport.com\/index.php\/mentions-legales\/","name":"Mentions l\u00e9gales - Pierluximport","isPartOf":{"@id":"https:\/\/pierluximport.com\/#website"},"datePublished":"2020-03-27T10:12:59+00:00","dateModified":"2021-04-15T07:34:37+00:00","breadcrumb":{"@id":"https:\/\/pierluximport.com\/index.php\/mentions-legales\/#breadcrumb"},"inLanguage":"en-US","potentialAction":[{"@type":"ReadAction","target":["https:\/\/pierluximport.com\/index.php\/mentions-legales\/"]}]},{"@type":"BreadcrumbList","@id":"https:\/\/pierluximport.com\/index.php\/mentions-legales\/#breadcrumb","itemListElement":[{"@type":"ListItem","position":1,"name":"Accueil","item":"https:\/\/pierluximport.com\/"},{"@type":"ListItem","position":2,"name":"Mentions l\u00e9gales"}]},{"@type":"WebSite","@id":"https:\/\/pierluximport.com\/#website","url":"https:\/\/pierluximport.com\/","name":"Pierluximport","description":"Fournisseur portes, parquet, inox, dressing  et garage","potentialAction":[{"@type":"SearchAction","target":{"@type":"EntryPoint","urlTemplate":"https:\/\/pierluximport.com\/?s={search_term_string}"},"query-input":{"@type":"PropertyValueSpecification","valueRequired":true,"valueName":"search_term_string"}}],"inLanguage":"en-US"}]}},"_links":{"self":[{"href":"https:\/\/pierluximport.com\/index.php\/wp-json\/wp\/v2\/pages\/173","targetHints":{"allow":["GET"]}}],"collection":[{"href":"https:\/\/pierluximport.com\/index.php\/wp-json\/wp\/v2\/pages"}],"about":[{"href":"https:\/\/pierluximport.com\/index.php\/wp-json\/wp\/v2\/types\/page"}],"author":[{"embeddable":true,"href":"https:\/\/pierluximport.com\/index.php\/wp-json\/wp\/v2\/users\/3"}],"replies":[{"embeddable":true,"href":"https:\/\/pierluximport.com\/index.php\/wp-json\/wp\/v2\/comments?post=173"}],"version-history":[{"count":7,"href":"https:\/\/pierluximport.com\/index.php\/wp-json\/wp\/v2\/pages\/173\/revisions"}],"predecessor-version":[{"id":358,"href":"https:\/\/pierluximport.com\/index.php\/wp-json\/wp\/v2\/pages\/173\/revisions\/358"}],"wp:attachment":[{"href":"https:\/\/pierluximport.com\/index.php\/wp-json\/wp\/v2\/media?parent=173"}],"curies":[{"name":"wp","href":"https:\/\/api.w.org\/{rel}","templated":true}]}}