{"id":39,"date":"2020-03-20T11:40:56","date_gmt":"2020-03-20T10:40:56","guid":{"rendered":"http:\/\/pierluximport.com\/?page_id=39"},"modified":"2020-03-31T11:48:18","modified_gmt":"2020-03-31T09:48:18","slug":"politique-de-confidentialite","status":"publish","type":"page","link":"https:\/\/pierluximport.com\/index.php\/politique-de-confidentialite\/","title":{"rendered":"Politique de confidentialit\u00e9"},"content":{"rendered":"<h2>\n\t\tPolitique de confidencialit\u00e9\n\t<\/h2>\n<h2>1. Quels types d\u2019informations vous concernant recueillons-nous ?<\/h2>\n<hr \/>\nVous trouverez sur certaines pages des formulaires vous demandant des informations qui vous concerne (Donn\u00e9es \u00e0 caract\u00e8res personnelles \u00bb. Certains produit et services (tels que\u00a0notre support technique ou commercial) ne pourront vous \u00eatre fournis par le biais de ce site internet que si nous poss\u00e9dons certaines informations vous concernant telles que :<br \/>\nVotre nom, pr\u00e9nom, adresse \u00e9lectronique et postale, t\u00e9l\u00e9phone.\n<p>Certaines des informations que nous recueillons constituent des \u00ab Donn\u00e9es \u00e0 caract\u00e8re Personnel \u00bb, \u00e0 savoir des donn\u00e9es vous concernant et permettant de vous identifier. Nous ne recueillerons pas de \u00ab Donn\u00e9es \u00e0 caract\u00e8re Personnel et Sensible \u00bb. Rel\u00e8vent de cette cat\u00e9gorie les informations relatives \u00e0 la race, aux opinions politiques, \u00e0 la sant\u00e9, aux croyances religieuses et autres, ou \u00e0 l\u2019orientation sexuelle.<\/p>\n<p>Dans le cadre de ces clauses, les expressions \u00ab Donn\u00e9es \u00e0 caract\u00e8re Personnel \u00bb et \u00ab informations vous concernant \u00bb sont interchangeables.<\/p>\n\t<h2>2. Que faisons-nous de ces informations ?<\/h2>\n<hr \/>\n<p>Nous sommes susceptibles d\u2019utiliser des informations vous concernant aux fins suivantes :<\/p>\n<p>&#8211; Afin de vous enregistrer sur notre site internet et de g\u00e9rer les services fournis par le biais\u00a0de celui-ci (y compris le traitement de toutes recherches ou demandes d\u2019informations\u00a0nous concernant ou portant sur nos produits ou services) ;<\/p>\n<p>&#8211; \u00c0 des fins commerciales, dans les conditions d\u00e9finies ci-apr\u00e8s dans la section Marketing\u00a0direct et indirect ;<\/p>\n<p>&#8211; Afin d\u2019\u00eatre en mesure d\u2019ex\u00e9cuter les obligations nous incombant aux termes de tout\u00a0contrat nous liant \u00e0 vous et dans le cadre de la gestion en votre faveur de ce type de\u00a0contrat ;<\/p>\n<p>&#8211; Aux fins d\u2019une \u00e9ventuelle embauche si vous nous avez communiqu\u00e9 des informations \u00e0 la\u00a0suite d\u2019une candidature adress\u00e9e par vos soins \u00e0 notre soci\u00e9t\u00e9.<\/p>\n<p>Avec votre consentement, nous sommes susceptibles de combiner les informations que vous nous confiez, dans les conditions et pour les finalit\u00e9s d\u00e9finies dans ces pr\u00e9sentes clauses.<\/p>\n<h2>3. Selon quelles modalit\u00e9s recueillons-nous ces informations ?<\/h2>\n<hr \/>\n<p>Nous recueillons des informations vous concernant selon plusieurs m\u00e9thodes, y compris :<\/p>\n<p>&#8211; La communication de ces informations par vos soins par le biais de ce site internet ;<\/p>\n<p>&#8211; Et lorsque vous nous contactez par t\u00e9l\u00e9phone ou correspondez avec nous autrement que\u00a0par le biais de ce site internet.<\/p>\n<p>Nous sommes susceptibles de combiner des informations vous concernant que nous\u00a0recueillons par le biais de ce site internet avec des informations que vous nous communiquez\u00a0ou qui nous sont fournies par des tiers.<\/p>\n<p>Nous ne conserverons pas d\u2019informations vous concernant plus longtemps que n\u00e9cessaire au\u00a0regard de l\u2019objectif en vue duquel elles ont \u00e9t\u00e9 recueillies, ni plus longtemps que n\u00e9cessaire\u00a0au respect d\u2019un contrat ou de la loi.<\/p>\n<p>Nous ne recueillerons pas d\u2019informations vous concernant en quantit\u00e9 excessive, ni ne recueillerons d\u2019informations inutiles au regard de l\u2019objectif vis\u00e9.<\/p>\n\t<h2>4. A qui communiquons-nous vos informations ?<\/h2>\n<hr \/>\n<p>Nous ne communiquerons \u00e0 aucun tiers des Donn\u00e9es \u00e0 caract\u00e8re Personnel vous concernant,\u00a0si ce n\u2019est :<\/p>\n<p>&#8211; Dans la mesure n\u00e9cessaire pour permettre \u00e0 l\u2019un quelconque des membres de notre personnel, de nos collaborateurs, agents, prestataires, fournisseurs ou partenaires\u00a0commerciaux d\u2019ex\u00e9cuter des prestations pour nous ou de remplir telle ou telle fonction\u00a0pour notre compte (y compris en mati\u00e8re d\u2019assistance commerciale, d\u2019\u00e9tudes de march\u00e9\u00a0ou de services au client, ainsi qu\u2019en mati\u00e8re de gestion de comptes, de fourniture de\u00a0produits ou de services que nous vous procurons aujourd\u2019hui ou vous procurerons \u00e0\u00a0l\u2019avenir) ;<\/p>\n<p>&#8211; Lorsque nous consid\u00e9rons que la communication de vos informations \u00e0 d\u2019autres\u00a0entreprises, \u00e0 des organismes financiers ou aux organismes\/services charg\u00e9s de faire respecter les lois est n\u00e9cessaire ou souhaitable aux fins de la pr\u00e9vention ou de la\u00a0d\u00e9tection de fraudes ;<\/p>\n<p>&#8211; Lorsque nous sommes autoris\u00e9s \u00e0 le faire afin de servir nos int\u00e9r\u00eats l\u00e9gitimes ;<\/p>\n<p>&#8211; Dans les cas o\u00f9 la loi nous l\u2019impose ou nous y autorise.<\/p>\n<p>Dans le cas o\u00f9 nous communiquerions vos Donn\u00e9es \u00e0 caract\u00e8re Personnel \u00e0 un tiers\u00a0soigneusement s\u00e9lectionn\u00e9 ou \u00e0 un tiers vis\u00e9 dans la liste ci-dessus, nous nous conformerions\u00a0\u00e0 la loi applicable en mati\u00e8re de protection des donn\u00e9es en veillant \u00e0 ce que des stipulations\u00a0contractuelles appropri\u00e9es garantissent que le tiers en question :<\/p>\n<p>&#8211; N\u2019utilisera vos Donn\u00e9es \u00e0 caract\u00e8re Personnel que dans le but sp\u00e9cifi\u00e9 par nos soins et\u00a0conform\u00e9ment aux objectifs d\u00e9finis dans le cadre des pr\u00e9sentes clauses,<\/p>\n<p>&#8211; Et aura pris les mesures de s\u00e9curit\u00e9 appropri\u00e9es afin de pr\u00e9venir un traitement non\u00a0autoris\u00e9 ou illicite de vos Donn\u00e9es \u00e0 caract\u00e8re Personnel, ainsi qu\u2019une perte ou une\u00a0destruction accidentelle de vos Donn\u00e9es \u00e0 caract\u00e8re Personnel, ou des dommages \u00e0\u00a0celles-ci.<\/p>\nSi nous communiquons vos Donn\u00e9es \u00e0 caract\u00e8re Personnel \u00e0 un tiers implant\u00e9 en dehors de\u00a0l\u2019Espace \u00e9conomique europ\u00e9en, nous aurons pris au pr\u00e9alable des mesures visant \u00e0 s\u2019assure\u00a0que lesdites Donn\u00e9es b\u00e9n\u00e9ficieront du m\u00eame niveau de protection que celui impos\u00e9 par la<br \/>\nloi applicable en mati\u00e8re de protection des donn\u00e9es.\n\t<h2>5. Marketing direct et indirect<\/h2>\n<hr \/>\n<p>Nous sommes susceptibles, avec votre consentement, d\u2019utiliser les informations vous concernant et dont nous sommes en possession afin de vous fournir des informations relatives \u00e0 nos produits, nos promotions, nos offres sp\u00e9ciales, ainsi que d\u2019autres informations ayant trait \u00e0 nos produits ou services ou dont nous pensons qu\u2019elles peuvent pr\u00e9senter un int\u00e9r\u00eat \u00e0 vos yeux.<\/p>\n<p>Nous n\u2019utiliserons les informations vous concernant, dans le cadre du Marketing direct et indirect, que dans la limite de l\u2019utilisation \u00e0 laquelle vous aurez consenti.<\/p>\n<p>Il vous est possible de revenir sur l\u2019absence d\u2019accord, l\u2019accord ou encore l\u2019\u00e9tendue de l\u2019accord que vous nous aurez donn\u00e9 en mati\u00e8re de Marketing direct et indirect, en nous \u00e9crivant par email \u00e0 <a href=\"mailto:cynthia@pierluximport.com\">cynthia@pierluximport.com<\/a> \u00e0 l\u2019adresse postale suivante : Pierluximport,\u00a0 8 Rue d&#8217;Ellange, L-5692 Ellange. Cette facult\u00e9 vous est offerte \u00e0 tout moment. En outre, si vous recevez de notre part un message relevant d\u2019actions de marketing direct et indirect, il vous sera rappel\u00e9 dans ce message que la facult\u00e9 vous est offerte de demander l\u2019arr\u00eat de ces communications d\u2019informations.<\/p>\n\t<h2>6. Comment obtenir des copies des informations vous concernant que nous avons recueillies et comment les modifier ?<\/h2>\n<hr \/>\n<p>En vertu de la loi applicable en mati\u00e8re de protection des donn\u00e9es, vous \u00eates en droit de demander le d\u00e9tail des Donn\u00e9es \u00e0 caract\u00e8re Personnel vous concernant que nous d\u00e9tenons. Nous satisferons rapidement toute demande de cette nature que vous nous adresserez. Pour ce faire, veuillez nous \u00e9crire par email \u00e0 <a href=\"mailto:cynthia@pierluximport.com\">cynthia@pierluximport.com<\/a> \u00e0 l\u2019adresse postale suivante : Pierluximport,\u00a0 8 Rue d&#8217;Ellange, L-5692 Ellange.<\/p>\n<p>Veuillez nous aider \u00e0 faire en sorte que les informations vous concernant, que nous d\u00e9tenons, soient exactes et \u00e0 jour. Si vous pensez que certaines de ces informations sont inexactes ou incompl\u00e8tes, veuillez nous \u00e9crire de la fa\u00e7on indiqu\u00e9e ci-dessus. Nous corrigerons ou mettrons \u00e0 jour dans le d\u00e9lai indiqu\u00e9 ci-dessus toutes les informations vous concernant.<\/p>\n\t<h2>7. Par quels moyens assurons-nous la s\u00e9curit\u00e9 de vos informations ?<\/h2>\n<hr \/>\nNous veillons \u00e0 assurer la s\u00e9curit\u00e9 de vos informations. Afin d\u2019emp\u00eacher tout acc\u00e8s, usage,\u00a0modification, destruction ou divulgation non autoris\u00e9(e), nous avons pris des mesures<br \/>\nraisonnables d\u2019ordre mat\u00e9riel, de protection \u00e9lectronique et de gestion destin\u00e9es \u00e0 prot\u00e9ger\u00a0les informations que nous recueillons par le biais de ce site internet. Nous l\u2019avons fait dans le\u00a0but de pr\u00e9venir tout traitement non autoris\u00e9 ou illicite de vos Donn\u00e9es \u00e0 caract\u00e8re\u00a0Personnel, leur perte ou destruction accidentelle, ainsi que tous dommages \u00e0 celles-ci.\n<p>Nous veillons \u00e0 la s\u00e9curit\u00e9 de vos informations :<\/p>\n<p>Gr\u00e2ce \u00e0 une protection par mot de passe, si nous le jugeons opportun ; et\u00a0En limitant l\u2019acc\u00e8s \u00e0 vos informations (par exemple, seuls les membres de notre personnel ou\u00a0nos collaborateurs ayant besoin d\u2019y acc\u00e9der aux fins indiqu\u00e9es ci-dessus y auront acc\u00e8s).\u00a0Veuillez nous aider \u00e0 assurer la s\u00e9curit\u00e9 de vos informations en vous abstenant d\u2019utiliser un\u00a0identifiant ou un mot de passe trop \u00e9vident, en changeant r\u00e9guli\u00e8rement de mot de passe et\u00a0en veillant \u00e0 ne communiquer votre mot de passe \u00e0 personne.<\/p>\n\t<h2>8. Insertion de liens<\/h2>\n<hr \/>\n<p>Ce site internet peut contenir des liens menant \u00e0 d\u2019autres sites sur lesquels nous n\u2019exer\u00e7ons\u00a0aucun contr\u00f4le, et d\u2019autres sites dont nous n\u2019avons pas la ma\u00eetrise peuvent contenir des liens\u00a0menant \u00e0 ce site internet. Si nous nous effor\u00e7ons de n\u2019int\u00e9grer que des liens menant \u00e0 des\u00a0sites internet qui respectent les m\u00eames r\u00e8gles que les n\u00f4tres en mati\u00e8re de donn\u00e9es\u00a0personnelles et de s\u00e9curit\u00e9, nous ne pouvons accepter de responsabilit\u00e9 relative \u00e0 la\u00a0protection et au respect du caract\u00e8re priv\u00e9 d\u2019informations que vous communiquez sur\u00a0d\u2019autres sites internet. Nous vous recommandons d\u2019\u00eatre prudent(e) et de prendre\u00a0connaissance des r\u00e8gles applicables en mati\u00e8re de donn\u00e9es personnelles dans le cadre du\u00a0site internet en question.<\/p>\n\t<h2>9. Cookies<\/h2>\n<hr \/>\nTout comme certains tiers qui fournissent du contenu, des publicit\u00e9s et des fonctionnalit\u00e9s dans le cadre de nos Services, nous utilisons des cookies, des pixels, des balises Web (\u00e9galement appel\u00e9es pixels invisibles) et des technologies similaires dans certaines parties de nos Services, tel qu\u2019indiqu\u00e9 ci-dessous.\nLes cookies sont de petits fichiers qui stockent des informations sur votre ordinateur, t\u00e9l\u00e9viseur, t\u00e9l\u00e9phone mobile ou d\u2019autres appareils. L\u2019entit\u00e9 qui place un cookie sur votre appareil peut ainsi vous reconna\u00eetre, quels que soient les sites Web, services et appareils que vous utilisez, ainsi que d\u2019une session de navigation \u00e0 l\u2019autre. Les cookies sont tr\u00e8s utiles.\nPar exemple, ils peuvent m\u00e9moriser vos identifiants de connexion afin que vous n\u2019ayez pas \u00e0 les saisir \u00e0 chaque fois que vous vous connectez \u00e0 un service.\nIls nous renseignent, nous ainsi que les tiers qui y ont recours, sur les pages auxquelles les visiteurs acc\u00e8dent, les fonctionnalit\u00e9s qu\u2019ils utilisent et le temps qu\u2019ils passent sur ces pages. En analysant ce type d\u2019informations, nous sommes mieux \u00e0 m\u00eame d\u2019adapter les Services et de vous offrir une meilleure exp\u00e9rience utilisateur.\nIls collectent des informations sur votre profil d\u2019utilisation de nos Services ainsi que d\u2019autres sites Web et applications pour que nous et les tiers puissions vous proposer du contenu et des publicit\u00e9s pertinents.\n","protected":false},"excerpt":{"rendered":"<p>Politique de confidencialit\u00e9 1. Quels types d\u2019informations vous concernant recueillons-nous ? Vous trouverez sur certaines pages des formulaires vous demandant des informations qui vous concerne (Donn\u00e9es \u00e0 caract\u00e8res personnelles \u00bb. Certains produit et services (tels que\u00a0notre support technique ou commercial) ne pourront vous \u00eatre fournis par le biais de ce site internet que si nous&hellip;<\/p>\n","protected":false},"author":3,"featured_media":0,"parent":0,"menu_order":0,"comment_status":"closed","ping_status":"closed","template":"","meta":{"footnotes":""},"class_list":["post-39","page","type-page","status-publish","hentry"],"yoast_head":"<!-- This site is optimized with the Yoast SEO plugin v27.4 - https:\/\/yoast.com\/product\/yoast-seo-wordpress\/ -->\n<title>Politique de confidentialit\u00e9 - Pierluximport<\/title>\n<meta name=\"robots\" content=\"index, follow, max-snippet:-1, max-image-preview:large, max-video-preview:-1\" \/>\n<link rel=\"canonical\" href=\"https:\/\/pierluximport.com\/index.php\/politique-de-confidentialite\/\" \/>\n<meta property=\"og:locale\" content=\"en_US\" \/>\n<meta property=\"og:type\" content=\"article\" \/>\n<meta property=\"og:title\" content=\"Politique de confidentialit\u00e9 - Pierluximport\" \/>\n<meta property=\"og:description\" content=\"Politique de confidencialit\u00e9 1. Quels types d\u2019informations vous concernant recueillons-nous ? Vous trouverez sur certaines pages des formulaires vous demandant des informations qui vous concerne (Donn\u00e9es \u00e0 caract\u00e8res personnelles \u00bb. Certains produit et services (tels que\u00a0notre support technique ou commercial) ne pourront vous \u00eatre fournis par le biais de ce site internet que si nous&hellip;\" \/>\n<meta property=\"og:url\" content=\"https:\/\/pierluximport.com\/index.php\/politique-de-confidentialite\/\" \/>\n<meta property=\"og:site_name\" content=\"Pierluximport\" \/>\n<meta property=\"article:modified_time\" content=\"2020-03-31T09:48:18+00:00\" \/>\n<meta name=\"twitter:card\" content=\"summary_large_image\" \/>\n<meta name=\"twitter:label1\" content=\"Est. reading time\" \/>\n\t<meta name=\"twitter:data1\" content=\"9 minutes\" \/>\n<script type=\"application\/ld+json\" class=\"yoast-schema-graph\">{\"@context\":\"https:\\\/\\\/schema.org\",\"@graph\":[{\"@type\":\"WebPage\",\"@id\":\"https:\\\/\\\/pierluximport.com\\\/index.php\\\/politique-de-confidentialite\\\/\",\"url\":\"https:\\\/\\\/pierluximport.com\\\/index.php\\\/politique-de-confidentialite\\\/\",\"name\":\"Politique de confidentialit\u00e9 - Pierluximport\",\"isPartOf\":{\"@id\":\"https:\\\/\\\/pierluximport.com\\\/#website\"},\"datePublished\":\"2020-03-20T10:40:56+00:00\",\"dateModified\":\"2020-03-31T09:48:18+00:00\",\"breadcrumb\":{\"@id\":\"https:\\\/\\\/pierluximport.com\\\/index.php\\\/politique-de-confidentialite\\\/#breadcrumb\"},\"inLanguage\":\"en-US\",\"potentialAction\":[{\"@type\":\"ReadAction\",\"target\":[\"https:\\\/\\\/pierluximport.com\\\/index.php\\\/politique-de-confidentialite\\\/\"]}]},{\"@type\":\"BreadcrumbList\",\"@id\":\"https:\\\/\\\/pierluximport.com\\\/index.php\\\/politique-de-confidentialite\\\/#breadcrumb\",\"itemListElement\":[{\"@type\":\"ListItem\",\"position\":1,\"name\":\"Accueil\",\"item\":\"https:\\\/\\\/pierluximport.com\\\/\"},{\"@type\":\"ListItem\",\"position\":2,\"name\":\"Politique de confidentialit\u00e9\"}]},{\"@type\":\"WebSite\",\"@id\":\"https:\\\/\\\/pierluximport.com\\\/#website\",\"url\":\"https:\\\/\\\/pierluximport.com\\\/\",\"name\":\"Pierluximport\",\"description\":\"Fournisseur portes, parquet, inox, dressing  et garage\",\"potentialAction\":[{\"@type\":\"SearchAction\",\"target\":{\"@type\":\"EntryPoint\",\"urlTemplate\":\"https:\\\/\\\/pierluximport.com\\\/?s={search_term_string}\"},\"query-input\":{\"@type\":\"PropertyValueSpecification\",\"valueRequired\":true,\"valueName\":\"search_term_string\"}}],\"inLanguage\":\"en-US\"}]}<\/script>\n<!-- \/ Yoast SEO plugin. -->","yoast_head_json":{"title":"Politique de confidentialit\u00e9 - Pierluximport","robots":{"index":"index","follow":"follow","max-snippet":"max-snippet:-1","max-image-preview":"max-image-preview:large","max-video-preview":"max-video-preview:-1"},"canonical":"https:\/\/pierluximport.com\/index.php\/politique-de-confidentialite\/","og_locale":"en_US","og_type":"article","og_title":"Politique de confidentialit\u00e9 - Pierluximport","og_description":"Politique de confidencialit\u00e9 1. Quels types d\u2019informations vous concernant recueillons-nous ? Vous trouverez sur certaines pages des formulaires vous demandant des informations qui vous concerne (Donn\u00e9es \u00e0 caract\u00e8res personnelles \u00bb. Certains produit et services (tels que\u00a0notre support technique ou commercial) ne pourront vous \u00eatre fournis par le biais de ce site internet que si nous&hellip;","og_url":"https:\/\/pierluximport.com\/index.php\/politique-de-confidentialite\/","og_site_name":"Pierluximport","article_modified_time":"2020-03-31T09:48:18+00:00","twitter_card":"summary_large_image","twitter_misc":{"Est. reading time":"9 minutes"},"schema":{"@context":"https:\/\/schema.org","@graph":[{"@type":"WebPage","@id":"https:\/\/pierluximport.com\/index.php\/politique-de-confidentialite\/","url":"https:\/\/pierluximport.com\/index.php\/politique-de-confidentialite\/","name":"Politique de confidentialit\u00e9 - Pierluximport","isPartOf":{"@id":"https:\/\/pierluximport.com\/#website"},"datePublished":"2020-03-20T10:40:56+00:00","dateModified":"2020-03-31T09:48:18+00:00","breadcrumb":{"@id":"https:\/\/pierluximport.com\/index.php\/politique-de-confidentialite\/#breadcrumb"},"inLanguage":"en-US","potentialAction":[{"@type":"ReadAction","target":["https:\/\/pierluximport.com\/index.php\/politique-de-confidentialite\/"]}]},{"@type":"BreadcrumbList","@id":"https:\/\/pierluximport.com\/index.php\/politique-de-confidentialite\/#breadcrumb","itemListElement":[{"@type":"ListItem","position":1,"name":"Accueil","item":"https:\/\/pierluximport.com\/"},{"@type":"ListItem","position":2,"name":"Politique de confidentialit\u00e9"}]},{"@type":"WebSite","@id":"https:\/\/pierluximport.com\/#website","url":"https:\/\/pierluximport.com\/","name":"Pierluximport","description":"Fournisseur portes, parquet, inox, dressing  et garage","potentialAction":[{"@type":"SearchAction","target":{"@type":"EntryPoint","urlTemplate":"https:\/\/pierluximport.com\/?s={search_term_string}"},"query-input":{"@type":"PropertyValueSpecification","valueRequired":true,"valueName":"search_term_string"}}],"inLanguage":"en-US"}]}},"_links":{"self":[{"href":"https:\/\/pierluximport.com\/index.php\/wp-json\/wp\/v2\/pages\/39","targetHints":{"allow":["GET"]}}],"collection":[{"href":"https:\/\/pierluximport.com\/index.php\/wp-json\/wp\/v2\/pages"}],"about":[{"href":"https:\/\/pierluximport.com\/index.php\/wp-json\/wp\/v2\/types\/page"}],"author":[{"embeddable":true,"href":"https:\/\/pierluximport.com\/index.php\/wp-json\/wp\/v2\/users\/3"}],"replies":[{"embeddable":true,"href":"https:\/\/pierluximport.com\/index.php\/wp-json\/wp\/v2\/comments?post=39"}],"version-history":[{"count":9,"href":"https:\/\/pierluximport.com\/index.php\/wp-json\/wp\/v2\/pages\/39\/revisions"}],"predecessor-version":[{"id":245,"href":"https:\/\/pierluximport.com\/index.php\/wp-json\/wp\/v2\/pages\/39\/revisions\/245"}],"wp:attachment":[{"href":"https:\/\/pierluximport.com\/index.php\/wp-json\/wp\/v2\/media?parent=39"}],"curies":[{"name":"wp","href":"https:\/\/api.w.org\/{rel}","templated":true}]}}